{"id":8759,"date":"2024-10-30T13:55:34","date_gmt":"2024-10-30T12:55:34","guid":{"rendered":"https:\/\/laurapeterman.fr\/illustration\/"},"modified":"2024-10-30T15:07:30","modified_gmt":"2024-10-30T14:07:30","slug":"illustration","status":"publish","type":"page","link":"https:\/\/laurapeterman.fr\/en\/illustration\/","title":{"rendered":"illustration"},"content":{"rendered":"<p>[et_pb_section fb_built=&#8221;1&#8243; custom_padding_last_edited=&#8221;on|phone&#8221; module_id=&#8221;branding&#8221; _builder_version=&#8221;4.26.0&#8243; _module_preset=&#8221;default&#8221; background_enable_image=&#8221;off&#8221; background_size=&#8221;custom&#8221; background_image_width=&#8221;50%&#8221; background_position=&#8221;center_right&#8221; min_height=&#8221;100vh&#8221; min_height_tablet=&#8221;100vh&#8221; min_height_phone=&#8221;auto&#8221; min_height_last_edited=&#8221;on|phone&#8221; height=&#8221;100vh&#8221; height_tablet=&#8221;100vh&#8221; height_phone=&#8221;auto&#8221; height_last_edited=&#8221;on|phone&#8221; max_height=&#8221;100vh&#8221; max_height_tablet=&#8221;100vh&#8221; max_height_phone=&#8221;none&#8221; max_height_last_edited=&#8221;on|phone&#8221; custom_padding=&#8221;70px||15px|||&#8221; custom_padding_tablet=&#8221;108px|||||&#8221; custom_padding_phone=&#8221;30px||||false|false&#8221; scroll_fade=&#8221;0|34|61|100|0|100|0%&#8221; scroll_blur=&#8221;0|36|66|100|10px|0px|10px&#8221; scroll_fade_tablet=&#8221;0|34|61|100|0|100|0%&#8221; scroll_fade_phone=&#8221;0|16|82|100|100%|100|60%&#8221; scroll_fade_last_edited=&#8221;on|phone&#8221; scroll_blur_tablet=&#8221;0|36|66|100|10px|0px|10px&#8221; scroll_blur_phone=&#8221;0|21|81|100|0px|0px|0px&#8221; scroll_blur_last_edited=&#8221;on|phone&#8221; global_colors_info=&#8221;{}&#8221;][et_pb_row column_structure=&#8221;1_2,1_2&#8243; use_custom_gutter=&#8221;on&#8221; make_equal=&#8221;on&#8221; _builder_version=&#8221;4.26.0&#8243; _module_preset=&#8221;default&#8221; width=&#8221;75%&#8221; width_tablet=&#8221;75%&#8221; width_phone=&#8221;80%&#8221; width_last_edited=&#8221;on|phone&#8221; max_width=&#8221;2560px&#8221; custom_margin=&#8221;|15%|||false|false&#8221; custom_margin_tablet=&#8221;|15%|||false|false&#8221; custom_margin_phone=&#8221;|auto||auto|false|true&#8221; custom_margin_last_edited=&#8221;on|phone&#8221; global_colors_info=&#8221;{}&#8221;][et_pb_column type=&#8221;1_2&#8243; _builder_version=&#8221;4.22.1&#8243; _module_preset=&#8221;default&#8221; custom_css_main_element=&#8221;margin:auto;&#8221; global_colors_info=&#8221;{}&#8221;][et_pb_text _builder_version=&#8221;4.26.0&#8243; _module_preset=&#8221;default&#8221; text_font=&#8221;INTEGRAL||||||||&#8221; header_font=&#8221;&#8211;et_global_heading_font|600|||||||&#8221; header_text_align=&#8221;right&#8221; header_font_size=&#8221;60px&#8221; custom_margin=&#8221;||40px||false|false&#8221; custom_margin_tablet=&#8221;||40px||false|false&#8221; custom_margin_phone=&#8221;||0px||false|false&#8221; custom_margin_last_edited=&#8221;on|phone&#8221; custom_padding=&#8221;105px|0px|||false|false&#8221; header_font_size_tablet=&#8221;60px&#8221; header_font_size_phone=&#8221;45px&#8221; header_font_size_last_edited=&#8221;on|phone&#8221; global_colors_info=&#8221;{}&#8221;]<\/p>\n<h1 style=\"text-align: left;\">.illustration<\/h1>\n<p>[\/et_pb_text][et_pb_text _builder_version=&#8221;4.26.0&#8243; _module_preset=&#8221;default&#8221; header_2_font=&#8221;&#8211;et_global_body_font|300||on|||||&#8221; header_2_font_size=&#8221;18px&#8221; header_2_letter_spacing=&#8221;4px&#8221; custom_margin=&#8221;||19px||false|false&#8221; locked=&#8221;off&#8221; global_colors_info=&#8221;{}&#8221;]<\/p>\n<h2>brand collab &amp; comissions<\/h2>\n<p>[\/et_pb_text][et_pb_text _builder_version=&#8221;4.22.1&#8243; _module_preset=&#8221;default&#8221; global_colors_info=&#8221;{}&#8221;]<\/p>\n<p>Whether through pattern creation (Surface Pattern Design), reproducing my illustrations, or creating custom designs, nothing excites me more than seeing my creations come to life on different media and through various objects.<\/p>\n<p>[\/et_pb_text][et_pb_button button_url=&#8221;@ET-DC@eyJkeW5hbWljIjp0cnVlLCJjb250ZW50IjoicG9zdF9saW5rX3VybF9wYWdlIiwic2V0dGluZ3MiOnsicG9zdF9pZCI6IjExMiJ9fQ==@&#8221; button_text=&#8221;contact me&#8221; _builder_version=&#8221;4.26.0&#8243; _dynamic_attributes=&#8221;button_url&#8221; _module_preset=&#8221;ed9986c5-36a6-4eb6-b2b1-6bf323b2108d&#8221; custom_padding=&#8221;10px|6px|10px|0px|true|false&#8221; global_colors_info=&#8221;{}&#8221;][\/et_pb_button][\/et_pb_column][et_pb_column type=&#8221;1_2&#8243; _builder_version=&#8221;4.22.1&#8243; _module_preset=&#8221;default&#8221; custom_css_main_element=&#8221;margin:auto;&#8221; global_colors_info=&#8221;{}&#8221;][et_pb_image src=&#8221;https:\/\/laurapeterman.fr\/wp-content\/uploads\/2024\/10\/art-laura-peterman.png&#8221; title_text=&#8221;art-laura-peterman&#8221; align=&#8221;center&#8221; _builder_version=&#8221;4.26.0&#8243; _module_preset=&#8221;default&#8221; max_height=&#8221;76vh&#8221; custom_margin_tablet=&#8221;&#8221; custom_margin_phone=&#8221;30px||||false|false&#8221; custom_margin_last_edited=&#8221;on|phone&#8221; global_colors_info=&#8221;{}&#8221;][\/et_pb_image][\/et_pb_column][\/et_pb_row][\/et_pb_section]<\/p>\n","protected":false},"excerpt":{"rendered":"<p>.illustrationbrand collab &amp; comissionsWhether through pattern creation (Surface Pattern Design), reproducing my illustrations, or creating custom designs, nothing excites me more than seeing my creations come to life on different media and through various objects.<\/p>\n","protected":false},"author":1,"featured_media":0,"parent":0,"menu_order":0,"comment_status":"closed","ping_status":"closed","template":"","meta":{"_acf_changed":false,"_et_pb_use_builder":"on","_et_pb_old_content":"","_et_gb_content_width":"","footnotes":""},"class_list":["post-8759","page","type-page","status-publish","hentry"],"acf":[],"yoast_head":"<!-- This site is optimized with the Yoast SEO plugin v23.4 - https:\/\/yoast.com\/wordpress\/plugins\/seo\/ -->\n<title>illustration - Laura Peterman<\/title>\n<meta name=\"robots\" content=\"index, follow, max-snippet:-1, max-image-preview:large, max-video-preview:-1\" \/>\n<link rel=\"canonical\" href=\"https:\/\/laurapeterman.fr\/illustration\/\" \/>\n<meta property=\"og:locale\" content=\"en_US\" \/>\n<meta property=\"og:type\" content=\"article\" \/>\n<meta property=\"og:title\" content=\"illustration - Laura Peterman\" \/>\n<meta property=\"og:description\" content=\".illustrationbrand collab &amp; comissionsWhether through pattern creation (Surface Pattern Design), reproducing my illustrations, or creating custom designs, nothing excites me more than seeing my creations come to life on different media and through various objects.\" \/>\n<meta property=\"og:url\" content=\"https:\/\/laurapeterman.fr\/illustration\/\" \/>\n<meta property=\"og:site_name\" content=\"Laura Peterman\" \/>\n<meta property=\"article:modified_time\" content=\"2024-10-30T14:07:30+00:00\" \/>\n<meta name=\"twitter:card\" content=\"summary_large_image\" \/>\n<script type=\"application\/ld+json\" class=\"yoast-schema-graph\">{\"@context\":\"https:\/\/schema.org\",\"@graph\":[{\"@type\":\"WebPage\",\"@id\":\"https:\/\/laurapeterman.fr\/illustration\/\",\"url\":\"https:\/\/laurapeterman.fr\/illustration\/\",\"name\":\"illustration - Laura Peterman\",\"isPartOf\":{\"@id\":\"https:\/\/laurapeterman.fr\/#website\"},\"datePublished\":\"2024-10-30T12:55:34+00:00\",\"dateModified\":\"2024-10-30T14:07:30+00:00\",\"breadcrumb\":{\"@id\":\"https:\/\/laurapeterman.fr\/illustration\/#breadcrumb\"},\"inLanguage\":\"en-US\",\"potentialAction\":[{\"@type\":\"ReadAction\",\"target\":[\"https:\/\/laurapeterman.fr\/illustration\/\"]}]},{\"@type\":\"BreadcrumbList\",\"@id\":\"https:\/\/laurapeterman.fr\/illustration\/#breadcrumb\",\"itemListElement\":[{\"@type\":\"ListItem\",\"position\":1,\"name\":\"Accueil\",\"item\":\"https:\/\/laurapeterman.fr\/\"},{\"@type\":\"ListItem\",\"position\":2,\"name\":\"illustration\"}]},{\"@type\":\"WebSite\",\"@id\":\"https:\/\/laurapeterman.fr\/#website\",\"url\":\"https:\/\/laurapeterman.fr\/\",\"name\":\"Laura Peterman\",\"description\":\"Directrice artistique sp\u00e9cialis\u00e9e en identit\u00e9 de marque\",\"potentialAction\":[{\"@type\":\"SearchAction\",\"target\":{\"@type\":\"EntryPoint\",\"urlTemplate\":\"https:\/\/laurapeterman.fr\/?s={search_term_string}\"},\"query-input\":{\"@type\":\"PropertyValueSpecification\",\"valueRequired\":true,\"valueName\":\"search_term_string\"}}],\"inLanguage\":\"en-US\"}]}<\/script>\n<!-- \/ Yoast SEO plugin. -->","yoast_head_json":{"title":"illustration - Laura Peterman","robots":{"index":"index","follow":"follow","max-snippet":"max-snippet:-1","max-image-preview":"max-image-preview:large","max-video-preview":"max-video-preview:-1"},"canonical":"https:\/\/laurapeterman.fr\/illustration\/","og_locale":"en_US","og_type":"article","og_title":"illustration - Laura Peterman","og_description":".illustrationbrand collab &amp; comissionsWhether through pattern creation (Surface Pattern Design), reproducing my illustrations, or creating custom designs, nothing excites me more than seeing my creations come to life on different media and through various objects.","og_url":"https:\/\/laurapeterman.fr\/illustration\/","og_site_name":"Laura Peterman","article_modified_time":"2024-10-30T14:07:30+00:00","twitter_card":"summary_large_image","schema":{"@context":"https:\/\/schema.org","@graph":[{"@type":"WebPage","@id":"https:\/\/laurapeterman.fr\/illustration\/","url":"https:\/\/laurapeterman.fr\/illustration\/","name":"illustration - Laura Peterman","isPartOf":{"@id":"https:\/\/laurapeterman.fr\/#website"},"datePublished":"2024-10-30T12:55:34+00:00","dateModified":"2024-10-30T14:07:30+00:00","breadcrumb":{"@id":"https:\/\/laurapeterman.fr\/illustration\/#breadcrumb"},"inLanguage":"en-US","potentialAction":[{"@type":"ReadAction","target":["https:\/\/laurapeterman.fr\/illustration\/"]}]},{"@type":"BreadcrumbList","@id":"https:\/\/laurapeterman.fr\/illustration\/#breadcrumb","itemListElement":[{"@type":"ListItem","position":1,"name":"Accueil","item":"https:\/\/laurapeterman.fr\/"},{"@type":"ListItem","position":2,"name":"illustration"}]},{"@type":"WebSite","@id":"https:\/\/laurapeterman.fr\/#website","url":"https:\/\/laurapeterman.fr\/","name":"Laura Peterman","description":"Directrice artistique sp\u00e9cialis\u00e9e en identit\u00e9 de marque","potentialAction":[{"@type":"SearchAction","target":{"@type":"EntryPoint","urlTemplate":"https:\/\/laurapeterman.fr\/?s={search_term_string}"},"query-input":{"@type":"PropertyValueSpecification","valueRequired":true,"valueName":"search_term_string"}}],"inLanguage":"en-US"}]}},"_links":{"self":[{"href":"https:\/\/laurapeterman.fr\/en\/wp-json\/wp\/v2\/pages\/8759","targetHints":{"allow":["GET"]}}],"collection":[{"href":"https:\/\/laurapeterman.fr\/en\/wp-json\/wp\/v2\/pages"}],"about":[{"href":"https:\/\/laurapeterman.fr\/en\/wp-json\/wp\/v2\/types\/page"}],"author":[{"embeddable":true,"href":"https:\/\/laurapeterman.fr\/en\/wp-json\/wp\/v2\/users\/1"}],"replies":[{"embeddable":true,"href":"https:\/\/laurapeterman.fr\/en\/wp-json\/wp\/v2\/comments?post=8759"}],"version-history":[{"count":4,"href":"https:\/\/laurapeterman.fr\/en\/wp-json\/wp\/v2\/pages\/8759\/revisions"}],"predecessor-version":[{"id":8813,"href":"https:\/\/laurapeterman.fr\/en\/wp-json\/wp\/v2\/pages\/8759\/revisions\/8813"}],"wp:attachment":[{"href":"https:\/\/laurapeterman.fr\/en\/wp-json\/wp\/v2\/media?parent=8759"}],"curies":[{"name":"wp","href":"https:\/\/api.w.org\/{rel}","templated":true}]}}