{"id":377,"date":"2023-09-20T11:51:37","date_gmt":"2023-09-20T09:51:37","guid":{"rendered":"https:\/\/laurapeterman.fr\/contact\/"},"modified":"2024-05-23T10:32:59","modified_gmt":"2024-05-23T08:32:59","slug":"contact","status":"publish","type":"page","link":"https:\/\/laurapeterman.fr\/en\/contact\/","title":{"rendered":"Apply"},"content":{"rendered":"<p>[et_pb_section fb_built=&#8221;1&#8243; _builder_version=&#8221;4.22.1&#8243; _module_preset=&#8221;default&#8221; background_color=&#8221;#f5f4f3&#8243; background_enable_image=&#8221;off&#8221; background_size=&#8221;custom&#8221; background_image_width=&#8221;42%&#8221; background_position=&#8221;center_left&#8221; min_height=&#8221;100vh&#8221; min_height_tablet=&#8221;100vh&#8221; min_height_phone=&#8221;auto&#8221; min_height_last_edited=&#8221;on|phone&#8221; custom_padding=&#8221;||68px|||&#8221; background_last_edited=&#8221;on|phone&#8221; background_enable_image_phone=&#8221;off&#8221; global_colors_info=&#8221;{}&#8221;][et_pb_row column_structure=&#8221;1_2,1_2&#8243; use_custom_gutter=&#8221;on&#8221; _builder_version=&#8221;4.24.2&#8243; _module_preset=&#8221;default&#8221; width=&#8221;75%&#8221; width_tablet=&#8221;75%&#8221; width_phone=&#8221;80%&#8221; width_last_edited=&#8221;on|phone&#8221; max_width=&#8221;2560px&#8221; min_height=&#8221;90%&#8221; min_height_tablet=&#8221;90%&#8221; min_height_phone=&#8221;auto&#8221; min_height_last_edited=&#8221;on|phone&#8221; custom_margin=&#8221;|15%||10%|false|false&#8221; custom_margin_tablet=&#8221;|15%||10%|false|false&#8221; custom_margin_phone=&#8221;|auto||auto|false|false&#8221; custom_margin_last_edited=&#8221;on|phone&#8221; custom_padding=&#8221;||2px||false|false&#8221; global_colors_info=&#8221;{}&#8221;][et_pb_column type=&#8221;1_2&#8243; _builder_version=&#8221;4.22.1&#8243; _module_preset=&#8221;default&#8221; custom_css_main_element=&#8221;margin: auto;&#8221; global_colors_info=&#8221;{}&#8221;][et_pb_image src=&#8221;https:\/\/laurapeterman.fr\/wp-content\/uploads\/2023\/12\/laura-peterman-services-1-jpg.webp&#8221; title_text=&#8221;laura-peterman-services&#8221; _builder_version=&#8221;4.24.2&#8243; _module_preset=&#8221;default&#8221; max_height=&#8221;80vh&#8221; custom_margin=&#8221;||30px||false|false&#8221; sticky_position=&#8221;top&#8221; sticky_offset_top=&#8221;80px&#8221; sticky_limit_bottom=&#8221;row&#8221; sticky_position_tablet=&#8221;top&#8221; sticky_position_phone=&#8221;none&#8221; sticky_position_last_edited=&#8221;on|phone&#8221; global_colors_info=&#8221;{}&#8221;][\/et_pb_image][\/et_pb_column][et_pb_column type=&#8221;1_2&#8243; _builder_version=&#8221;4.22.1&#8243; _module_preset=&#8221;default&#8221; custom_css_main_element=&#8221;margin:auto;&#8221; global_colors_info=&#8221;{}&#8221;][dsm_text_notation before_text=&#8221;Let&#8217;s work &#8221; notation_text=&#8221;together&#8221; notation_color=&#8221;#212121&#8243; notation_width=&#8221;2&#8243; _builder_version=&#8221;4.24.2&#8243; _module_preset=&#8221;default&#8221; global_colors_info=&#8221;{}&#8221;][\/dsm_text_notation][et_pb_text _builder_version=&#8221;4.24.2&#8243; _module_preset=&#8221;default&#8221; global_colors_info=&#8221;{}&#8221;]<\/p>\n<div class=\"flex-1 overflow-hidden\">\n<div class=\"react-scroll-to-bottom--css-xcceg-79elbk h-full\">\n<div class=\"react-scroll-to-bottom--css-xcceg-1n7m0yu\">\n<div>\n<div class=\"flex flex-col text-sm pb-9\">\n<div class=\"w-full text-token-text-primary\" dir=\"auto\" data-testid=\"conversation-turn-21\" data-scroll-anchor=\"true\">\n<div class=\"py-2 px-3 text-base md:px-4 m-auto md:px-5 lg:px-1 xl:px-5\">\n<div class=\"mx-auto flex flex-1 gap-3 text-base juice:gap-4 juice:md:gap-6 md:max-w-3xl lg:max-w-[40rem] xl:max-w-[48rem]\">\n<div class=\"relative flex w-full min-w-0 flex-col agent-turn\">\n<div class=\"flex-col gap-1 md:gap-3\">\n<div class=\"flex flex-grow flex-col max-w-full\">\n<div data-message-author-role=\"assistant\" data-message-id=\"8953dfe9-3720-435e-8615-76624058edfa\" dir=\"auto\" class=\"min-h-[20px] text-message flex flex-col items-start whitespace-pre-wrap break-words [.text-message+&amp;]:mt-5 juice:w-full juice:items-end overflow-x-auto gap-3\">\n<div class=\"markdown prose w-full break-words dark:prose-invert dark\">\n<p>Ready to invest and take your brand to the next level ? Fill in the form below to apply for the next slot available.<\/p>\n<\/div>\n<\/div>\n<\/div>\n<\/div>\n<\/div>\n<\/div>\n<\/div>\n<\/div>\n<\/div>\n<\/div>\n<\/div>\n<\/div>\n<\/div>\n<p>[\/et_pb_text][dsm_contact_form_7 cf7_library=&#8221;7&#8243; show_validation=&#8221;on&#8221; label_bottom_spacing=&#8221;0px&#8221; button_alignment=&#8221;left&#8221; input_background_color=&#8221;#FFFFFF&#8221; _builder_version=&#8221;4.22.1&#8243; _module_preset=&#8221;default&#8221; labels_text_color=&#8221;#212121&#8243; labels_font_size=&#8221;16px&#8221; success_validation_text_align=&#8221;center&#8221; success_validation_line_height=&#8221;1.5em&#8221; custom_button_one=&#8221;on&#8221; button_one_text_color=&#8221;#FFFFFF&#8221; button_one_bg_color=&#8221;#212121&#8243; button_one_border_width=&#8221;0px&#8221; button_one_border_color=&#8221;RGBA(255,255,255,0)&#8221; button_one_border_radius=&#8221;0px&#8221; button_one_use_icon=&#8221;off&#8221; button_one_custom_padding=&#8221;|40px||40px|false|true&#8221; custom_margin=&#8221;auto||||false|false&#8221; custom_margin_tablet=&#8221;auto||||false|false&#8221; custom_margin_phone=&#8221;0px||0px||true|false&#8221; custom_margin_last_edited=&#8221;on|phone&#8221; border_width_all_validation_success=&#8221;2px&#8221; border_color_all_validation_success=&#8221;#212121&#8243; global_colors_info=&#8221;{}&#8221;][\/dsm_contact_form_7][et_pb_text _builder_version=&#8221;4.22.1&#8243; _module_preset=&#8221;default&#8221; text_font=&#8221;|300|||||||&#8221; text_text_color=&#8221;#656565&#8243; text_font_size=&#8221;12px&#8221; text_line_height=&#8221;1.5em&#8221; link_text_color=&#8221;#656565&#8243; global_colors_info=&#8221;{}&#8221;]<\/p>\n<p><span>The information collected on this form is recorded in a strictly confidential computerized file for customer management and project tracking purposes only. In accordance with the &#8220;data protection act,&#8221; you can exercise your right to access and rectify your personal data by contacting me.<\/span><\/p>\n<p>[\/et_pb_text][\/et_pb_column][\/et_pb_row][\/et_pb_section][et_pb_section fb_built=&#8221;1&#8243; _builder_version=&#8221;4.22.1&#8243; _module_preset=&#8221;default&#8221; background_enable_image=&#8221;off&#8221; background_size=&#8221;custom&#8221; background_image_width=&#8221;50%&#8221; background_position=&#8221;center_right&#8221; min_height=&#8221;100vh&#8221; min_height_tablet=&#8221;100vh&#8221; min_height_phone=&#8221;auto&#8221; min_height_last_edited=&#8221;on|phone&#8221; height=&#8221;100vh&#8221; height_tablet=&#8221;100vh&#8221; height_phone=&#8221;auto&#8221; height_last_edited=&#8221;on|phone&#8221; max_height=&#8221;100vh&#8221; custom_padding=&#8221;||10px|||&#8221; global_colors_info=&#8221;{}&#8221;][et_pb_row column_structure=&#8221;3_5,2_5&#8243; use_custom_gutter=&#8221;on&#8221; make_equal=&#8221;on&#8221; _builder_version=&#8221;4.22.1&#8243; _module_preset=&#8221;default&#8221; width=&#8221;75%&#8221; max_width=&#8221;2560px&#8221; min_height=&#8221;90%&#8221; min_height_tablet=&#8221;90%&#8221; min_height_phone=&#8221;auto&#8221; min_height_last_edited=&#8221;on|phone&#8221; custom_margin=&#8221;|15%||10%|false|false&#8221; custom_margin_tablet=&#8221;|15%||10%|false|false&#8221; custom_margin_phone=&#8221;|auto||auto|false|true&#8221; custom_margin_last_edited=&#8221;on|phone&#8221; custom_padding=&#8221;||5px|||&#8221; global_colors_info=&#8221;{}&#8221;][et_pb_column type=&#8221;3_5&#8243; _builder_version=&#8221;4.22.1&#8243; _module_preset=&#8221;default&#8221; custom_css_main_element=&#8221;display: flex;||flex-direction: column;&#8221; global_colors_info=&#8221;{}&#8221;][et_pb_text _builder_version=&#8221;4.22.1&#8243; _module_preset=&#8221;default&#8221; text_line_height=&#8221;1.3em&#8221; header_font=&#8221;Roboto|900|||||||&#8221; header_font_size=&#8221;70px&#8221; header_3_font=&#8221;|800|||||||&#8221; header_3_font_size=&#8221;80px&#8221; header_3_line_height=&#8221;0.9em&#8221; custom_margin=&#8221;auto||-20px||false|false&#8221; custom_padding=&#8221;||0px||false|false&#8221; header_3_font_size_tablet=&#8221;80px&#8221; header_3_font_size_phone=&#8221;60px&#8221; header_3_font_size_last_edited=&#8221;on|phone&#8221; global_colors_info=&#8221;{}&#8221;]<\/p>\n<h3>See you.<\/h3>\n<p>[\/et_pb_text][\/et_pb_column][et_pb_column type=&#8221;2_5&#8243; _builder_version=&#8221;4.22.1&#8243; _module_preset=&#8221;default&#8221; custom_css_main_element=&#8221;display: flex;||flex-direction: column;&#8221; global_colors_info=&#8221;{}&#8221;][et_pb_text _builder_version=&#8221;4.22.1&#8243; _module_preset=&#8221;default&#8221; custom_margin=&#8221;auto||8px||false|false&#8221; global_colors_info=&#8221;{}&#8221;]<\/p>\n<div class=\"page\" title=\"Page 16\">\n<div class=\"section\">\n<div class=\"layoutArea\">\n<div class=\"column\">\n<p>You can also find me on :<\/p>\n<\/div>\n<\/div>\n<\/div>\n<\/div>\n<p>[\/et_pb_text][et_pb_social_media_follow use_icon_font_size=&#8221;on&#8221; icon_font_size=&#8221;20px&#8221; _builder_version=&#8221;4.22.1&#8243; _module_preset=&#8221;default&#8221; background_color=&#8221;RGBA(255,255,255,0)&#8221; global_colors_info=&#8221;{}&#8221;][et_pb_social_media_follow_network social_network=&#8221;linkedin&#8221; url=&#8221;https:\/\/www.linkedin.com\/in\/laura-peterman-0243a2127\/&#8221; icon_color=&#8221;#212121&#8243; _builder_version=&#8221;4.22.1&#8243; _module_preset=&#8221;default&#8221; background_enable_color=&#8221;off&#8221; global_colors_info=&#8221;{}&#8221; follow_button=&#8221;off&#8221; url_new_window=&#8221;on&#8221;]linkedin[\/et_pb_social_media_follow_network][et_pb_social_media_follow_network social_network=&#8221;pinterest&#8221; url=&#8221;https:\/\/www.pinterest.fr\/laura__peterman\/&#8221; icon_color=&#8221;#212121&#8243; _builder_version=&#8221;4.22.1&#8243; _module_preset=&#8221;default&#8221; background_color=&#8221;RGBA(255,255,255,0)&#8221; background_enable_color=&#8221;on&#8221; global_colors_info=&#8221;{}&#8221; follow_button=&#8221;off&#8221; url_new_window=&#8221;on&#8221;]pinterest[\/et_pb_social_media_follow_network][\/et_pb_social_media_follow][et_pb_image src=&#8221;https:\/\/laurapeterman.fr\/wp-content\/uploads\/2023\/09\/logo-branding-identite-visuelle.png&#8221; title_text=&#8221;logo-branding-identite-visuelle&#8221; _builder_version=&#8221;4.22.1&#8243; _module_preset=&#8221;default&#8221; custom_margin=&#8221;||-1px|||&#8221; global_colors_info=&#8221;{}&#8221;][\/et_pb_image][\/et_pb_column][\/et_pb_row][\/et_pb_section]<\/p>\n","protected":false},"excerpt":{"rendered":"<p><div class=\"et_pb_module dsm_text_notation dsm_text_notation_0  et_pb_bg_layout_light\">\n\t\t\t\t\n\t\t\t\t\n\t\t\t\t\n\t\t\t\t\n\t\t\t\t\n\t\t\t\t\n\t\t\t\t<div class=\"et_pb_module_inner\">\n\t\t\t\t\t<h1 class=\"dsm-text-notation-main et_pb_module_header\"><span class=\"dsm-text-notation-before\">Let's work <\/span><span data-notation=\"[{&quot;type&quot;:&quot;underline&quot;,&quot;color&quot;:&quot;#212121&quot;,&quot;stroke-width&quot;:&quot;2&quot;,&quot;iterations&quot;:&quot;2&quot;,&quot;brackets&quot;:&quot;left|right&quot;,&quot;viewport&quot;:&quot;80%&quot;,&quot;delay&quot;:&quot;0ms&quot;,&quot;divi-animate&quot;:&quot;none&quot;,&quot;divi-animate-duration&quot;:&quot;1000ms&quot;,&quot;divi-animate-delay&quot;:&quot;0ms&quot;}]\" class=\"dsm-text-notation-middle\">together<\/span><\/h1>\n\t\t\t\t<\/div>\n\t\t\t<\/div> Ready to invest and take your brand to the next level ? Fill in the form below to apply for the next slot available. <div class=\"et_pb_with_border et_pb_module dsm_contact_form_7 dsm_contact_form_7_0\">\n\t\t\t\t\n\t\t\t\t\n\t\t\t\t\n\t\t\t\t\n\t\t\t\t\n\t\t\t\t\n\t\t\t\t<div class=\"et_pb_module_inner\">\n\t\t\t\t\t<div class=\"\">\n\t\t\t\t\n<div class=\"wpcf7 no-js\" id=\"wpcf7-f224-o1\" lang=\"en-US\" dir=\"ltr\">\n<div class=\"screen-reader-response\"><p role=\"status\" aria-live=\"polite\" aria-atomic=\"true\"><\/p> <ul><\/ul><\/div>\n<form action=\"\/en\/wp-json\/wp\/v2\/pages\/377#wpcf7-f224-o1\" method=\"post\" class=\"wpcf7-form init\" aria-label=\"Contact form\" novalidate=\"novalidate\" data-status=\"init\">\n<div style=\"display: none;\">\n<input type=\"hidden\" name=\"_wpcf7\" value=\"224\" \/>\n<input type=\"hidden\" name=\"_wpcf7_version\" value=\"5.9.8\" \/>\n<input type=\"hidden\" name=\"_wpcf7_locale\" value=\"en_US\" \/>\n<input type=\"hidden\" name=\"_wpcf7_unit_tag\" value=\"wpcf7-f224-o1\" \/>\n<input type=\"hidden\" name=\"_wpcf7_container_post\" value=\"0\" \/>\n<input type=\"hidden\" name=\"_wpcf7_posted_data_hash\" value=\"\" \/>\n<\/div>\n<p><span class=\"wpcf7-form-control-wrap\" data-name=\"prenom\"><input size=\"40\" maxlength=\"400\" class=\"wpcf7-form-control wpcf7-text wpcf7-validates-as-required cont1\" aria-required=\"true\" aria-invalid=\"false\" placeholder=\"Name\" value=\"\" type=\"text\" name=\"prenom\" \/><\/span><span class=\"wpcf7-form-control-wrap\" data-name=\"nom\"><input size=\"40\" maxlength=\"400\" class=\"wpcf7-form-control wpcf7-text wpcf7-validates-as-required cont2\" aria-required=\"true\" aria-invalid=\"false\" placeholder=\"Last name\" value=\"\" type=\"text\" name=\"nom\" \/><\/span><br \/>\n<span class=\"wpcf7-form-control-wrap\" data-name=\"email\"><input size=\"40\" maxlength=\"400\" class=\"wpcf7-form-control wpcf7-email wpcf7-validates-as-required wpcf7-text wpcf7-validates-as-email cont1\" aria-required=\"true\" aria-invalid=\"false\" placeholder=\"Email\" value=\"\" type=\"email\" name=\"email\" \/><\/span><span class=\"wpcf7-form-control-wrap\" data-name=\"tel\"><input size=\"40\" maxlength=\"400\" class=\"wpcf7-form-control wpcf7-tel wpcf7-text wpcf7-validates-as-tel cont2\" aria-invalid=\"false\" placeholder=\"Telephone\" value=\"\" type=\"tel\" name=\"tel\" \/><\/span><br \/>\n<span class=\"wpcf7-form-control-wrap\" data-name=\"nomB\"><input size=\"40\" maxlength=\"400\" class=\"wpcf7-form-control wpcf7-text wpcf7-validates-as-required cont1\" aria-required=\"true\" aria-invalid=\"false\" placeholder=\"Business name\" value=\"\" type=\"text\" name=\"nomB\" \/><\/span><span class=\"wpcf7-form-control-wrap\" data-name=\"url\"><input size=\"40\" maxlength=\"400\" class=\"wpcf7-form-control wpcf7-text wpcf7-validates-as-required cont2\" aria-required=\"true\" aria-invalid=\"false\" placeholder=\"Website url\" value=\"\" type=\"text\" name=\"url\" \/><\/span>\n<\/p>\n<div style=\"clear:both;display:block;\">\n<\/div>\n<p><label>When is your ideal start date? (Please note, I book 3-4 months in advance, and payment is required ahead of time to secure your spot.)<\/label><span class=\"wpcf7-form-control-wrap\" data-name=\"date\"><input class=\"wpcf7-form-control wpcf7-date wpcf7-validates-as-required wpcf7-validates-as-date\" aria-required=\"true\" aria-invalid=\"false\" placeholder=\"jj\/mm\/aaaa\" value=\"\" type=\"date\" name=\"date\" \/><\/span><br \/>\n<label>Describe what you do in a few sentences :<\/label><span class=\"wpcf7-form-control-wrap\" data-name=\"projet\"><textarea cols=\"40\" rows=\"10\" maxlength=\"2000\" class=\"wpcf7-form-control wpcf7-textarea wpcf7-validates-as-required\" aria-required=\"true\" aria-invalid=\"false\" name=\"projet\"><\/textarea><\/span><br \/>\n<label>What is your need ?<\/label><span class=\"wpcf7-form-control-wrap dsm-contact-form-7-select\" data-name=\"type\"><select class=\"wpcf7-form-control wpcf7-select wpcf7-validates-as-required et_pb_contact_select input\" aria-required=\"true\" aria-invalid=\"false\" name=\"type\"><option value=\"\">&#8212;Please choose an option&#8212;<\/option><option value=\"Brand identity (+4000\u20ac)\">Brand identity (+4000\u20ac)<\/option><option value=\"Website (+4000\u20ac)\">Website (+4000\u20ac)<\/option><option value=\"Brand Identity + website\">Brand Identity + website<\/option><option value=\"Coaching\/Mentoring\">Coaching\/Mentoring<\/option><\/select><\/span><br \/>\n<label>What is your budget for this project ? <label><span class=\"wpcf7-form-control-wrap\" data-name=\"budget\"><input size=\"40\" maxlength=\"400\" class=\"wpcf7-form-control wpcf7-text wpcf7-validates-as-required\" aria-required=\"true\" aria-invalid=\"false\" value=\"\" type=\"text\" name=\"budget\" \/><\/span><br \/>\n<label>How long have you been in business for ? <\/label><span class=\"wpcf7-form-control-wrap dsm-contact-form-7-select\" data-name=\"temps\"><select class=\"wpcf7-form-control wpcf7-select wpcf7-validates-as-required et_pb_contact_select input\" aria-required=\"true\" aria-invalid=\"false\" name=\"temps\"><option value=\"\">&#8212;Please choose an option&#8212;<\/option><option value=\"Not launched yet\">Not launched yet<\/option><option value=\"0-3 years\">0-3 years<\/option><option value=\"4-7 years\">4-7 years<\/option><option value=\"8+ years\">8+ years<\/option><\/select><\/span><br \/>\n<label>Which of these are you most excited to achieve with your new brand\/website?<\/label><br \/>\n<span class=\"wpcf7-form-control-wrap\" data-name=\"objectifs\"><span class=\"wpcf7-form-control wpcf7-checkbox wpcf7-validates-as-required\"><span class=\"wpcf7-list-item first\"><input type=\"checkbox\" name=\"objectifs[]\" value=\"Increasing authority\" \/><span class=\"wpcf7-list-item-label\">Increasing authority<\/span><\/span><span class=\"wpcf7-list-item\"><input type=\"checkbox\" name=\"objectifs[]\" value=\"Attracting more higher-level clients\" \/><span class=\"wpcf7-list-item-label\">Attracting more higher-level clients<\/span><\/span><span class=\"wpcf7-list-item\"><input type=\"checkbox\" name=\"objectifs[]\" value=\"Boosting website traffic\" \/><span class=\"wpcf7-list-item-label\">Boosting website traffic<\/span><\/span><span class=\"wpcf7-list-item\"><input type=\"checkbox\" name=\"objectifs[]\" value=\"Growing my audience\" \/><span class=\"wpcf7-list-item-label\">Growing my audience<\/span><\/span><span class=\"wpcf7-list-item last\"><input type=\"checkbox\" name=\"objectifs[]\" value=\"Increasing revenue\" \/><span class=\"wpcf7-list-item-label\">Increasing revenue<\/span><\/span><\/span><\/span><br \/>\n<\/label><\/label>\n<\/p>\n<div style=\"clear:both;display:block;\">\n<\/div>\n<p><label>How did you find me ?<label><span class=\"wpcf7-form-control-wrap dsm-contact-form-7-select\" data-name=\"referal\"><select class=\"wpcf7-form-control wpcf7-select wpcf7-validates-as-required et_pb_contact_select input\" aria-required=\"true\" aria-invalid=\"false\" name=\"referal\"><option value=\"\">&#8212;Please choose an option&#8212;<\/option><option value=\"Referral\">Referral<\/option><option value=\"From one of the website I created\">From one of the website I created<\/option><option value=\"Pinterest\">Pinterest<\/option><option value=\"Linkedin\">Linkedin<\/option><option value=\"Other\">Other<\/option><\/select><\/span><br \/>\n<label>If it was a referral, please tell me who !<label> <span class=\"wpcf7-form-control-wrap\" data-name=\"reco\"><input size=\"40\" maxlength=\"400\" class=\"wpcf7-form-control wpcf7-text\" aria-invalid=\"false\" value=\"\" type=\"text\" name=\"reco\" \/><\/span><br \/>\n<button class=\"wpcf7-form-control wpcf7-submit has-spinner et_pb_button et_pb_bg_layout_light\" type=\"submit\" value=\"Apply now !\">Apply now !<\/button><\/label><\/label><\/label><\/label>\n<\/p><p style=\"display: none !important;\" class=\"akismet-fields-container\" data-prefix=\"_wpcf7_ak_\"><label>&#916;<textarea name=\"_wpcf7_ak_hp_textarea\" cols=\"45\" rows=\"8\" maxlength=\"100\"><\/textarea><\/label><input type=\"hidden\" id=\"ak_js_1\" name=\"_wpcf7_ak_js\" value=\"224\"\/><script>document.getElementById( \"ak_js_1\" ).setAttribute( \"value\", ( new Date() ).getTime() );<\/script><\/p><div class=\"wpcf7-response-output\" aria-hidden=\"true\"><\/div>\n<\/form>\n<\/div>\n\n\t\t\t<\/div>\n\t\t\t\t<\/div>\n\t\t\t<\/div>The information collected on this form is recorded in a strictly confidential computerized file for customer management and project tracking purposes only. In accordance with the &#8220;data protection act,&#8221; you can exercise your right to access and rectify your personal data by contacting me.See you. You can also find me on :<\/p>\n","protected":false},"author":1,"featured_media":0,"parent":0,"menu_order":0,"comment_status":"closed","ping_status":"closed","template":"","meta":{"_acf_changed":false,"_et_pb_use_builder":"on","_et_pb_old_content":"","_et_gb_content_width":"","footnotes":""},"class_list":["post-377","page","type-page","status-publish","hentry"],"acf":[],"yoast_head":"<!-- This site is optimized with the Yoast SEO plugin v23.4 - https:\/\/yoast.com\/wordpress\/plugins\/seo\/ -->\n<title>Apply - Laura Peterman<\/title>\n<meta name=\"robots\" content=\"index, follow, max-snippet:-1, max-image-preview:large, max-video-preview:-1\" \/>\n<link rel=\"canonical\" href=\"https:\/\/laurapeterman.fr\/contact\/\" \/>\n<meta property=\"og:locale\" content=\"en_US\" \/>\n<meta property=\"og:type\" content=\"article\" \/>\n<meta property=\"og:title\" content=\"Apply - Laura Peterman\" \/>\n<meta property=\"og:description\" content=\"Ready to invest and take your brand to the next level ? Fill in the form below to apply for the next slot available. The information collected on this form is recorded in a strictly confidential computerized file for customer management and project tracking purposes only. In accordance with the &quot;data protection act,&quot; you can exercise your right to access and rectify your personal data by contacting me.See you. You can also find me on :\" \/>\n<meta property=\"og:url\" content=\"https:\/\/laurapeterman.fr\/contact\/\" \/>\n<meta property=\"og:site_name\" content=\"Laura Peterman\" \/>\n<meta property=\"article:modified_time\" content=\"2024-05-23T08:32:59+00:00\" \/>\n<meta name=\"twitter:card\" content=\"summary_large_image\" \/>\n<meta name=\"twitter:label1\" content=\"Est. reading time\" \/>\n\t<meta name=\"twitter:data1\" content=\"2 minutes\" \/>\n<script type=\"application\/ld+json\" class=\"yoast-schema-graph\">{\"@context\":\"https:\/\/schema.org\",\"@graph\":[{\"@type\":\"WebPage\",\"@id\":\"https:\/\/laurapeterman.fr\/contact\/\",\"url\":\"https:\/\/laurapeterman.fr\/contact\/\",\"name\":\"Apply - Laura Peterman\",\"isPartOf\":{\"@id\":\"https:\/\/laurapeterman.fr\/#website\"},\"datePublished\":\"2023-09-20T09:51:37+00:00\",\"dateModified\":\"2024-05-23T08:32:59+00:00\",\"breadcrumb\":{\"@id\":\"https:\/\/laurapeterman.fr\/contact\/#breadcrumb\"},\"inLanguage\":\"en-US\",\"potentialAction\":[{\"@type\":\"ReadAction\",\"target\":[\"https:\/\/laurapeterman.fr\/contact\/\"]}]},{\"@type\":\"BreadcrumbList\",\"@id\":\"https:\/\/laurapeterman.fr\/contact\/#breadcrumb\",\"itemListElement\":[{\"@type\":\"ListItem\",\"position\":1,\"name\":\"Accueil\",\"item\":\"https:\/\/laurapeterman.fr\/\"},{\"@type\":\"ListItem\",\"position\":2,\"name\":\"Apply\"}]},{\"@type\":\"WebSite\",\"@id\":\"https:\/\/laurapeterman.fr\/#website\",\"url\":\"https:\/\/laurapeterman.fr\/\",\"name\":\"Laura Peterman\",\"description\":\"Directrice artistique sp\u00e9cialis\u00e9e en identit\u00e9 de marque\",\"potentialAction\":[{\"@type\":\"SearchAction\",\"target\":{\"@type\":\"EntryPoint\",\"urlTemplate\":\"https:\/\/laurapeterman.fr\/?s={search_term_string}\"},\"query-input\":{\"@type\":\"PropertyValueSpecification\",\"valueRequired\":true,\"valueName\":\"search_term_string\"}}],\"inLanguage\":\"en-US\"}]}<\/script>\n<!-- \/ Yoast SEO plugin. -->","yoast_head_json":{"title":"Apply - Laura Peterman","robots":{"index":"index","follow":"follow","max-snippet":"max-snippet:-1","max-image-preview":"max-image-preview:large","max-video-preview":"max-video-preview:-1"},"canonical":"https:\/\/laurapeterman.fr\/contact\/","og_locale":"en_US","og_type":"article","og_title":"Apply - Laura Peterman","og_description":"Ready to invest and take your brand to the next level ? Fill in the form below to apply for the next slot available. The information collected on this form is recorded in a strictly confidential computerized file for customer management and project tracking purposes only. In accordance with the \"data protection act,\" you can exercise your right to access and rectify your personal data by contacting me.See you. You can also find me on :","og_url":"https:\/\/laurapeterman.fr\/contact\/","og_site_name":"Laura Peterman","article_modified_time":"2024-05-23T08:32:59+00:00","twitter_card":"summary_large_image","twitter_misc":{"Est. reading time":"2 minutes"},"schema":{"@context":"https:\/\/schema.org","@graph":[{"@type":"WebPage","@id":"https:\/\/laurapeterman.fr\/contact\/","url":"https:\/\/laurapeterman.fr\/contact\/","name":"Apply - Laura Peterman","isPartOf":{"@id":"https:\/\/laurapeterman.fr\/#website"},"datePublished":"2023-09-20T09:51:37+00:00","dateModified":"2024-05-23T08:32:59+00:00","breadcrumb":{"@id":"https:\/\/laurapeterman.fr\/contact\/#breadcrumb"},"inLanguage":"en-US","potentialAction":[{"@type":"ReadAction","target":["https:\/\/laurapeterman.fr\/contact\/"]}]},{"@type":"BreadcrumbList","@id":"https:\/\/laurapeterman.fr\/contact\/#breadcrumb","itemListElement":[{"@type":"ListItem","position":1,"name":"Accueil","item":"https:\/\/laurapeterman.fr\/"},{"@type":"ListItem","position":2,"name":"Apply"}]},{"@type":"WebSite","@id":"https:\/\/laurapeterman.fr\/#website","url":"https:\/\/laurapeterman.fr\/","name":"Laura Peterman","description":"Directrice artistique sp\u00e9cialis\u00e9e en identit\u00e9 de marque","potentialAction":[{"@type":"SearchAction","target":{"@type":"EntryPoint","urlTemplate":"https:\/\/laurapeterman.fr\/?s={search_term_string}"},"query-input":{"@type":"PropertyValueSpecification","valueRequired":true,"valueName":"search_term_string"}}],"inLanguage":"en-US"}]}},"_links":{"self":[{"href":"https:\/\/laurapeterman.fr\/en\/wp-json\/wp\/v2\/pages\/377","targetHints":{"allow":["GET"]}}],"collection":[{"href":"https:\/\/laurapeterman.fr\/en\/wp-json\/wp\/v2\/pages"}],"about":[{"href":"https:\/\/laurapeterman.fr\/en\/wp-json\/wp\/v2\/types\/page"}],"author":[{"embeddable":true,"href":"https:\/\/laurapeterman.fr\/en\/wp-json\/wp\/v2\/users\/1"}],"replies":[{"embeddable":true,"href":"https:\/\/laurapeterman.fr\/en\/wp-json\/wp\/v2\/comments?post=377"}],"version-history":[{"count":15,"href":"https:\/\/laurapeterman.fr\/en\/wp-json\/wp\/v2\/pages\/377\/revisions"}],"predecessor-version":[{"id":8256,"href":"https:\/\/laurapeterman.fr\/en\/wp-json\/wp\/v2\/pages\/377\/revisions\/8256"}],"wp:attachment":[{"href":"https:\/\/laurapeterman.fr\/en\/wp-json\/wp\/v2\/media?parent=377"}],"curies":[{"name":"wp","href":"https:\/\/api.w.org\/{rel}","templated":true}]}}